{"id":3193,"date":"2026-02-24T15:50:16","date_gmt":"2026-02-24T15:50:16","guid":{"rendered":"https:\/\/darnioserdves.lt\/?post_type=product&#038;p=3193"},"modified":"2026-02-24T15:50:17","modified_gmt":"2026-02-24T15:50:17","slug":"canna","status":"publish","type":"product","link":"https:\/\/darnioserdves.lt\/lt\/product\/canna\/","title":{"rendered":"Canna"},"content":{"rendered":"<p><span style=\"font-weight: 400;\">Kas bus J\u016bs\u0173 kieme?<\/span><\/p>\n<p><span style=\"font-weight: 400;\">CANNA planas orientuotas \u012f funkcionalum\u0105 ir jaukius susib\u016brimus:<\/span><\/p>\n<ul>\n<li><span style=\"font-weight: 400;\"> Terasa poilsiui;<\/span><\/li>\n<li><span style=\"font-weight: 400;\"> A\u017e\u016brin\u0117 sienel\u0117 ir gyvatvor\u0117 privatumui;<\/span><\/li>\n<li><span style=\"font-weight: 400;\"> Kompakti\u0161ka grilio zona;<\/span><\/li>\n<li><span style=\"font-weight: 400;\"> Sand\u0117liukas, integruotas terasoje;<\/span><\/li>\n<li><span style=\"font-weight: 400;\"> Ugniaviet\u0117 ramiems susib\u016brimams;<\/span><\/li>\n<li><span style=\"font-weight: 400;\"> \u017deldyn\u0173 zonos, kurian\u010dios jaukum\u0105 ir atmosfer\u0105<\/span><\/li>\n<\/ul>\n<p><i><span style=\"font-weight: 400;\">*Projekte numatyti nereikl\u016bs, lengvai pri\u017ei\u016brimi augalai, kurie pasikeisdami \u017eyd\u0117s viso \u0161iltojo sezono metu. Dominuoja balta ir m\u0117lyna spalvos, suteikian\u010dios ramyb\u0117s ir darnos \u012fsp\u016bd\u012f.<\/span><\/i><\/p>\n<p><span style=\"font-weight: 400;\">Projekto sudedamosios dalys<\/span><\/p>\n<p><span style=\"font-weight: 400;\">Dokumentacija ir paai\u0161kinimai<\/span><\/p>\n<ul>\n<li><span style=\"font-weight: 400;\"> Instrukcija &amp; rekomendacijos \u2013 bendros projekto \u012fgyvendinimo gair\u0117s ir rangov\u0173, specialist\u0173 rekomendacijos.<\/span><\/li>\n<li><span style=\"font-weight: 400;\"> Ai\u0161kinamasis ra\u0161tas \u2013 projekto \u012fgyvendinimo eigos rekomendacijos, pagrindini\u0173 \u012frengimo dab\u0173 detalizavimas ir naudojam\u0173 med\u017eiag\u0173 apra\u0161ymai.<\/span><\/li>\n<li><span style=\"font-weight: 400;\"> Augal\u0173 apra\u0161ai \u2013 i\u0161samus vis\u0173 projekte naudojam\u0173 augal\u0173 apra\u0161ymas su prie\u017ei\u016bros rekomendacijomis.<\/span><\/li>\n<li><span style=\"font-weight: 400;\"> Objekt\u0173 apra\u0161ymai \u2013 projekte naudojam\u0173 ma\u017eosios architekt\u016bros ir kit\u0173 element\u0173 detalizavimas, pad\u0117siantis \u012frengimui.<\/span><\/li>\n<li><span style=\"font-weight: 400;\"> Rangos instrukcija \u2013 \u017eingsnis po \u017eingsnio \u012frengimo eiga: nuo teritorijos paruo\u0161imo iki \u017eeldini\u0173 sodinimo.<\/span><\/li>\n<li><span style=\"font-weight: 400;\"> Priedai \u2013 parengti dokument\u0173 \u0161ablonai, skirti kaimyn\u0173 sutikimams d\u0117l atstum\u0173 nuo sklypo ribos ar kit\u0173 projektini\u0173 sprendini\u0173 derinimo.<\/span><\/li>\n<\/ul>\n<p><span style=\"font-weight: 400;\">Planai<\/span><\/p>\n<ul>\n<li><span style=\"font-weight: 400;\"> Bendras planas \u2013 viso sklypo planas su zon\u0173 i\u0161d\u0117stymu, dangomis ir pagrindiniais matmenimis.<\/span><\/li>\n<li><span style=\"font-weight: 400;\"> Dendrologinis planas \u2013 augal\u0173 i\u0161d\u0117stymo planas sklype.<\/span><\/li>\n<li><span style=\"font-weight: 400;\"> Augal\u0173 ir dang\u0173 kieki\u0173 \u017einiara\u0161tis \u2013 detal\u016bs augal\u0173 kiekiai, bei orientaciniai dang\u0173 kiekiai, reikalingi projekto \u012fgyvendinimui.<\/span><\/li>\n<li><span style=\"font-weight: 400;\"> Ap\u0161vietimo planas \u2013 projektuojam\u0173 \u0161viestuv\u0173 ir roze\u010di\u0173 vietos bei tipai.<\/span><\/li>\n<li><span style=\"font-weight: 400;\"> Laistymo planas \u2013 laistymo zon\u0173 i\u0161d\u0117stymas ir preliminar\u016bs plotai.<\/span><\/li>\n<\/ul>\n<p><span style=\"font-weight: 400;\">\u0160is projektas sukurtas remiantis ilgamete kra\u0161tovaizd\u017eio projektavimo patirtimi ir realiai \u012fgyvendintais objektais.<\/span><\/p>\n<p><span style=\"font-weight: 400;\">Tai strukt\u016bruotas, profesionalus projektas, leid\u017eiantis ma\u017e\u0105 kiem\u0105 paversti ai\u0161kiai suplanuota, vert\u0119 kurian\u010dia erdve.<\/span><\/p>","protected":false},"excerpt":{"rendered":"<p><span style=\"font-weight: 400;\">Priva\u010di\u0173 susib\u016brim\u0173 projektas ma\u017eam kiemui<\/span><\/p>\n<p><span style=\"font-weight: 400;\">CANNA \u2013 profesionaliai parengtas kra\u0161tovaizd\u017eio projektas ma\u017eam, giliam kiemui (11\u201315 m ilgio, 7\u201310 m plo\u010dio), kuriame prioritetas teikiamas estetikai ir jaukiems susib\u016brimams.<\/span><\/p>\n<p><span style=\"font-weight: 400;\">Tai realus projektas rangai \u2013 su ai\u0161kiais planais, kiekiais ir paruo\u0161ta\u201a \u2018\u017eingsnis po \u017eingsnio\u2018 \u012frengimo instrukcija.<\/span><\/p>\n<p><span style=\"font-weight: 400;\">Kam skirtas \u0161is projektas?<\/span><\/p>\n<ul>\n<li><span style=\"font-weight: 400;\"> Koted\u017e\u0173 ar ma\u017e\u0173 sklyp\u0173 savininkams, norintiems privatumo miesto aplinkoje;<\/span><\/li>\n<li><span style=\"font-weight: 400;\"> Ie\u0161kantiems profesionalaus sprendimo be individualaus projektavimo proceso;<\/span><\/li>\n<li><span style=\"font-weight: 400;\"> Planuojantiems \u012fsirengti patiems arba perduoti rangovui.<\/span><\/li>\n<\/ul>","protected":false},"featured_media":3195,"comment_status":"open","ping_status":"closed","template":"","meta":{"_acf_changed":false,"_gspb_post_css":""},"product_brand":[],"product_cat":[221],"product_tag":[],"class_list":{"0":"post-3193","1":"product","2":"type-product","3":"status-publish","4":"has-post-thumbnail","6":"product_cat-deep","7":"pa_palette-blue-white","9":"first","10":"instock","11":"taxable","12":"shipping-taxable","13":"purchasable","14":"product-type-simple"},"ct_brands":[],"acf":[],"yoast_head":"<!-- This site is optimized with the Yoast SEO plugin v27.2 - https:\/\/yoast.com\/product\/yoast-seo-wordpress\/ -->\n<title>Standard Landscape Projects Store | Darnios Erdv\u0117s<\/title>\n<meta name=\"description\" content=\"Shop ready-made landscape projects for small gardens. Get professional plans, planting lists, and clear implementation guidance from Darnios Erdv\u0117s.\" \/>\n<meta name=\"robots\" content=\"index, follow, max-snippet:-1, max-image-preview:large, max-video-preview:-1\" \/>\n<link rel=\"canonical\" href=\"https:\/\/darnioserdves.lt\/lt\/produktas\/canna\/\" \/>\n<meta property=\"og:locale\" content=\"lt_LT\" \/>\n<meta property=\"og:type\" content=\"article\" \/>\n<meta property=\"og:title\" content=\"Standard Landscape Projects Store | Darnios Erdv\u0117s\" \/>\n<meta property=\"og:description\" content=\"Shop ready-made landscape projects for small gardens. Get professional plans, planting lists, and clear implementation guidance from Darnios Erdv\u0117s.\" \/>\n<meta property=\"og:url\" content=\"https:\/\/darnioserdves.lt\/lt\/produktas\/canna\/\" \/>\n<meta property=\"og:site_name\" content=\"Darnios erdv\u0117s\" \/>\n<meta property=\"article:publisher\" content=\"https:\/\/www.facebook.com\/darnioserdves\" \/>\n<meta property=\"article:modified_time\" content=\"2026-02-24T15:50:17+00:00\" \/>\n<meta property=\"og:image\" content=\"https:\/\/darnioserdves.lt\/wp-content\/uploads\/2026\/02\/05_DECA_Canna_02.jpg\" \/>\n\t<meta property=\"og:image:width\" content=\"2560\" \/>\n\t<meta property=\"og:image:height\" content=\"1440\" \/>\n\t<meta property=\"og:image:type\" content=\"image\/jpeg\" \/>\n<meta name=\"twitter:card\" content=\"summary_large_image\" \/>\n<meta name=\"twitter:label1\" content=\"Est. reading time\" \/>\n\t<meta name=\"twitter:data1\" content=\"1 minut\u0117\" \/>\n<script type=\"application\/ld+json\" class=\"yoast-schema-graph\">{\"@context\":\"https:\/\/schema.org\",\"@graph\":[{\"@type\":\"WebPage\",\"@id\":\"https:\/\/darnioserdves.lt\/product\/canna\/\",\"url\":\"https:\/\/darnioserdves.lt\/product\/canna\/\",\"name\":\"Standard Landscape Projects Store | Darnios Erdv\u0117s\",\"isPartOf\":{\"@id\":\"https:\/\/darnioserdves.lt\/#website\"},\"primaryImageOfPage\":{\"@id\":\"https:\/\/darnioserdves.lt\/product\/canna\/#primaryimage\"},\"image\":{\"@id\":\"https:\/\/darnioserdves.lt\/product\/canna\/#primaryimage\"},\"thumbnailUrl\":\"https:\/\/darnioserdves.lt\/wp-content\/uploads\/2026\/02\/05_DECA_Canna_02.jpg\",\"datePublished\":\"2026-02-24T15:50:16+00:00\",\"dateModified\":\"2026-02-24T15:50:17+00:00\",\"description\":\"Shop ready-made landscape projects for small gardens. Get professional plans, planting lists, and clear implementation guidance from Darnios Erdv\u0117s.\",\"breadcrumb\":{\"@id\":\"https:\/\/darnioserdves.lt\/product\/canna\/#breadcrumb\"},\"inLanguage\":\"lt-LT\",\"potentialAction\":[{\"@type\":\"ReadAction\",\"target\":[\"https:\/\/darnioserdves.lt\/product\/canna\/\"]}]},{\"@type\":\"ImageObject\",\"inLanguage\":\"lt-LT\",\"@id\":\"https:\/\/darnioserdves.lt\/product\/canna\/#primaryimage\",\"url\":\"https:\/\/darnioserdves.lt\/wp-content\/uploads\/2026\/02\/05_DECA_Canna_02.jpg\",\"contentUrl\":\"https:\/\/darnioserdves.lt\/wp-content\/uploads\/2026\/02\/05_DECA_Canna_02.jpg\",\"width\":2560,\"height\":1440},{\"@type\":\"BreadcrumbList\",\"@id\":\"https:\/\/darnioserdves.lt\/product\/canna\/#breadcrumb\",\"itemListElement\":[{\"@type\":\"ListItem\",\"position\":1,\"name\":\"Home\",\"item\":\"https:\/\/darnioserdves.lt\/\"},{\"@type\":\"ListItem\",\"position\":2,\"name\":\"E-products\",\"item\":\"https:\/\/darnioserdves.lt\/e-products\/\"},{\"@type\":\"ListItem\",\"position\":3,\"name\":\"Canna\"}]},{\"@type\":\"WebSite\",\"@id\":\"https:\/\/darnioserdves.lt\/#website\",\"url\":\"https:\/\/darnioserdves.lt\/\",\"name\":\"Darnios erdves\",\"description\":\"M\u016bs\u0173 kra\u0161tovaizd\u017eio formavimo komanda kuria unikalias erdves a\u017eeldinimo projektams, atsi\u017evelgdama \u012f aplinkos ypatumus, pastatus ir gyventojus.\",\"publisher\":{\"@id\":\"https:\/\/darnioserdves.lt\/#organization\"},\"potentialAction\":[{\"@type\":\"SearchAction\",\"target\":{\"@type\":\"EntryPoint\",\"urlTemplate\":\"https:\/\/darnioserdves.lt\/?s={search_term_string}\"},\"query-input\":{\"@type\":\"PropertyValueSpecification\",\"valueRequired\":true,\"valueName\":\"search_term_string\"}}],\"inLanguage\":\"lt-LT\"},{\"@type\":\"Organization\",\"@id\":\"https:\/\/darnioserdves.lt\/#organization\",\"name\":\"Darnios erdves\",\"url\":\"https:\/\/darnioserdves.lt\/\",\"logo\":{\"@type\":\"ImageObject\",\"inLanguage\":\"lt-LT\",\"@id\":\"https:\/\/darnioserdves.lt\/#\/schema\/logo\/image\/\",\"url\":\"https:\/\/darnioserdves.lt\/wp-content\/uploads\/2026\/01\/darnios-erdves-web-nuotraukos-polaroid-YbNDpo3XrLf5yvL3.avif\",\"contentUrl\":\"https:\/\/darnioserdves.lt\/wp-content\/uploads\/2026\/01\/darnios-erdves-web-nuotraukos-polaroid-YbNDpo3XrLf5yvL3.avif\",\"width\":375,\"height\":416,\"caption\":\"Darnios erdves\"},\"image\":{\"@id\":\"https:\/\/darnioserdves.lt\/#\/schema\/logo\/image\/\"},\"sameAs\":[\"https:\/\/www.facebook.com\/darnioserdves\"]}]}<\/script>\n<!-- \/ Yoast SEO plugin. -->","yoast_head_json":{"title":"Tipini\u0173 kra\u0161tovaizd\u017eio projekt\u0173 parduotuv\u0117 | Darnios erdv\u0117s","description":"Pirkite paruo\u0161tus kra\u0161tovaizd\u017eio projektus ma\u017eiems sklypams. Gaukite profesionalius planus, augal\u0173 s\u0105ra\u0161us ir ai\u0161kias \u012fgyvendinimo rekomendacijas i\u0161 \u201eDarnios erdv\u0117s\u201c.","robots":{"index":"index","follow":"follow","max-snippet":"max-snippet:-1","max-image-preview":"max-image-preview:large","max-video-preview":"max-video-preview:-1"},"canonical":"https:\/\/darnioserdves.lt\/lt\/produktas\/canna\/","og_locale":"lt_LT","og_type":"article","og_title":"Standard Landscape Projects Store | Darnios Erdv\u0117s","og_description":"Shop ready-made landscape projects for small gardens. Get professional plans, planting lists, and clear implementation guidance from Darnios Erdv\u0117s.","og_url":"https:\/\/darnioserdves.lt\/lt\/produktas\/canna\/","og_site_name":"Darnios erdv\u0117s","article_publisher":"https:\/\/www.facebook.com\/darnioserdves","article_modified_time":"2026-02-24T15:50:17+00:00","og_image":[{"width":2560,"height":1440,"url":"https:\/\/darnioserdves.lt\/wp-content\/uploads\/2026\/02\/05_DECA_Canna_02.jpg","type":"image\/jpeg"}],"twitter_card":"summary_large_image","twitter_misc":{"Est. reading time":"1 minut\u0117"},"schema":{"@context":"https:\/\/schema.org","@graph":[{"@type":"WebPage","@id":"https:\/\/darnioserdves.lt\/product\/canna\/","url":"https:\/\/darnioserdves.lt\/product\/canna\/","name":"Tipini\u0173 kra\u0161tovaizd\u017eio projekt\u0173 parduotuv\u0117 | Darnios erdv\u0117s","isPartOf":{"@id":"https:\/\/darnioserdves.lt\/#website"},"primaryImageOfPage":{"@id":"https:\/\/darnioserdves.lt\/product\/canna\/#primaryimage"},"image":{"@id":"https:\/\/darnioserdves.lt\/product\/canna\/#primaryimage"},"thumbnailUrl":"https:\/\/darnioserdves.lt\/wp-content\/uploads\/2026\/02\/05_DECA_Canna_02.jpg","datePublished":"2026-02-24T15:50:16+00:00","dateModified":"2026-02-24T15:50:17+00:00","description":"Pirkite paruo\u0161tus kra\u0161tovaizd\u017eio projektus ma\u017eiems sklypams. Gaukite profesionalius planus, augal\u0173 s\u0105ra\u0161us ir ai\u0161kias \u012fgyvendinimo rekomendacijas i\u0161 \u201eDarnios erdv\u0117s\u201c.","breadcrumb":{"@id":"https:\/\/darnioserdves.lt\/product\/canna\/#breadcrumb"},"inLanguage":"lt-LT","potentialAction":[{"@type":"ReadAction","target":["https:\/\/darnioserdves.lt\/product\/canna\/"]}]},{"@type":"ImageObject","inLanguage":"lt-LT","@id":"https:\/\/darnioserdves.lt\/product\/canna\/#primaryimage","url":"https:\/\/darnioserdves.lt\/wp-content\/uploads\/2026\/02\/05_DECA_Canna_02.jpg","contentUrl":"https:\/\/darnioserdves.lt\/wp-content\/uploads\/2026\/02\/05_DECA_Canna_02.jpg","width":2560,"height":1440},{"@type":"BreadcrumbList","@id":"https:\/\/darnioserdves.lt\/product\/canna\/#breadcrumb","itemListElement":[{"@type":"ListItem","position":1,"name":"Home","item":"https:\/\/darnioserdves.lt\/"},{"@type":"ListItem","position":2,"name":"E-products","item":"https:\/\/darnioserdves.lt\/e-products\/"},{"@type":"ListItem","position":3,"name":"Canna"}]},{"@type":"WebSite","@id":"https:\/\/darnioserdves.lt\/#website","url":"https:\/\/darnioserdves.lt\/","name":"Darnios erdves","description":"M\u016bs\u0173 kra\u0161tovaizd\u017eio formavimo komanda kuria unikalias erdves a\u017eeldinimo projektams, atsi\u017evelgdama \u012f aplinkos ypatumus, pastatus ir gyventojus.","publisher":{"@id":"https:\/\/darnioserdves.lt\/#organization"},"potentialAction":[{"@type":"SearchAction","target":{"@type":"EntryPoint","urlTemplate":"https:\/\/darnioserdves.lt\/?s={search_term_string}"},"query-input":{"@type":"PropertyValueSpecification","valueRequired":true,"valueName":"search_term_string"}}],"inLanguage":"lt-LT"},{"@type":"Organization","@id":"https:\/\/darnioserdves.lt\/#organization","name":"Darnios erdves","url":"https:\/\/darnioserdves.lt\/","logo":{"@type":"ImageObject","inLanguage":"lt-LT","@id":"https:\/\/darnioserdves.lt\/#\/schema\/logo\/image\/","url":"https:\/\/darnioserdves.lt\/wp-content\/uploads\/2026\/01\/darnios-erdves-web-nuotraukos-polaroid-YbNDpo3XrLf5yvL3.avif","contentUrl":"https:\/\/darnioserdves.lt\/wp-content\/uploads\/2026\/01\/darnios-erdves-web-nuotraukos-polaroid-YbNDpo3XrLf5yvL3.avif","width":375,"height":416,"caption":"Darnios erdves"},"image":{"@id":"https:\/\/darnioserdves.lt\/#\/schema\/logo\/image\/"},"sameAs":["https:\/\/www.facebook.com\/darnioserdves"]}]}},"_links":{"self":[{"href":"https:\/\/darnioserdves.lt\/lt\/wp-json\/wp\/v2\/product\/3193","targetHints":{"allow":["GET"]}}],"collection":[{"href":"https:\/\/darnioserdves.lt\/lt\/wp-json\/wp\/v2\/product"}],"about":[{"href":"https:\/\/darnioserdves.lt\/lt\/wp-json\/wp\/v2\/types\/product"}],"replies":[{"embeddable":true,"href":"https:\/\/darnioserdves.lt\/lt\/wp-json\/wp\/v2\/comments?post=3193"}],"wp:featuredmedia":[{"embeddable":true,"href":"https:\/\/darnioserdves.lt\/lt\/wp-json\/wp\/v2\/media\/3195"}],"wp:attachment":[{"href":"https:\/\/darnioserdves.lt\/lt\/wp-json\/wp\/v2\/media?parent=3193"}],"wp:term":[{"taxonomy":"product_brand","embeddable":true,"href":"https:\/\/darnioserdves.lt\/lt\/wp-json\/wp\/v2\/product_brand?post=3193"},{"taxonomy":"product_cat","embeddable":true,"href":"https:\/\/darnioserdves.lt\/lt\/wp-json\/wp\/v2\/product_cat?post=3193"},{"taxonomy":"product_tag","embeddable":true,"href":"https:\/\/darnioserdves.lt\/lt\/wp-json\/wp\/v2\/product_tag?post=3193"}],"curies":[{"name":"wp","href":"https:\/\/api.w.org\/{rel}","templated":true}]}}