{"id":6,"date":"2026-01-07T16:12:12","date_gmt":"2026-01-07T16:12:12","guid":{"rendered":"https:\/\/darnioserdves.lt\/index.php\/shop\/"},"modified":"2026-03-07T11:02:01","modified_gmt":"2026-03-07T11:02:01","slug":"e-products","status":"publish","type":"page","link":"https:\/\/darnioserdves.lt\/lt\/e-products\/","title":{"rendered":"Parduotuv\u0117"},"content":{"rendered":"","protected":false},"excerpt":{"rendered":"","protected":false},"author":1,"featured_media":2289,"parent":0,"menu_order":0,"comment_status":"closed","ping_status":"closed","template":"","meta":{"_acf_changed":false,"_gspb_post_css":"","footnotes":""},"class_list":["post-6","page","type-page","status-publish","has-post-thumbnail","hentry"],"blocksy_meta":[],"acf":[],"yoast_head":"<!-- This site is optimized with the Yoast SEO plugin v27.2 - https:\/\/yoast.com\/product\/yoast-seo-wordpress\/ -->\n<title>E-products - Darnios erdv\u0117s<\/title>\n<meta name=\"robots\" content=\"index, follow, max-snippet:-1, max-image-preview:large, max-video-preview:-1\" \/>\n<link rel=\"canonical\" href=\"https:\/\/darnioserdves.lt\/lt\/e-products\/\" \/>\n<meta property=\"og:locale\" content=\"lt_LT\" \/>\n<meta property=\"og:type\" content=\"article\" \/>\n<meta property=\"og:title\" content=\"E-products - Darnios erdv\u0117s\" \/>\n<meta property=\"og:url\" content=\"https:\/\/darnioserdves.lt\/lt\/e-products\/\" \/>\n<meta property=\"og:site_name\" content=\"Darnios erdv\u0117s\" \/>\n<meta property=\"article:publisher\" content=\"https:\/\/www.facebook.com\/darnioserdves\" \/>\n<meta property=\"article:modified_time\" content=\"2026-03-07T11:02:01+00:00\" \/>\n<meta property=\"og:image\" content=\"https:\/\/darnioserdves.lt\/wp-content\/uploads\/2026\/02\/DEP-054-copy-scaled.jpg\" \/>\n\t<meta property=\"og:image:width\" content=\"2560\" \/>\n\t<meta property=\"og:image:height\" content=\"1280\" \/>\n\t<meta property=\"og:image:type\" content=\"image\/jpeg\" \/>\n<meta name=\"twitter:card\" content=\"summary_large_image\" \/>\n<script type=\"application\/ld+json\" class=\"yoast-schema-graph\">{\"@context\":\"https:\/\/schema.org\",\"@graph\":[{\"@type\":\"WebPage\",\"@id\":\"https:\/\/darnioserdves.lt\/e-products\/\",\"url\":\"https:\/\/darnioserdves.lt\/e-products\/\",\"name\":\"E-products - Darnios erdv\u0117s\",\"isPartOf\":{\"@id\":\"https:\/\/darnioserdves.lt\/#website\"},\"primaryImageOfPage\":{\"@id\":\"https:\/\/darnioserdves.lt\/e-products\/#primaryimage\"},\"image\":{\"@id\":\"https:\/\/darnioserdves.lt\/e-products\/#primaryimage\"},\"thumbnailUrl\":\"https:\/\/darnioserdves.lt\/wp-content\/uploads\/2026\/02\/DEP-054-copy-scaled.jpg\",\"datePublished\":\"2026-01-07T16:12:12+00:00\",\"dateModified\":\"2026-03-07T11:02:01+00:00\",\"breadcrumb\":{\"@id\":\"https:\/\/darnioserdves.lt\/e-products\/#breadcrumb\"},\"inLanguage\":\"lt-LT\",\"potentialAction\":[{\"@type\":\"ReadAction\",\"target\":[\"https:\/\/darnioserdves.lt\/e-products\/\"]}]},{\"@type\":\"ImageObject\",\"inLanguage\":\"lt-LT\",\"@id\":\"https:\/\/darnioserdves.lt\/e-products\/#primaryimage\",\"url\":\"https:\/\/darnioserdves.lt\/wp-content\/uploads\/2026\/02\/DEP-054-copy-scaled.jpg\",\"contentUrl\":\"https:\/\/darnioserdves.lt\/wp-content\/uploads\/2026\/02\/DEP-054-copy-scaled.jpg\",\"width\":2560,\"height\":1280},{\"@type\":\"BreadcrumbList\",\"@id\":\"https:\/\/darnioserdves.lt\/e-products\/#breadcrumb\",\"itemListElement\":[{\"@type\":\"ListItem\",\"position\":1,\"name\":\"Home\",\"item\":\"https:\/\/darnioserdves.lt\/\"},{\"@type\":\"ListItem\",\"position\":2,\"name\":\"E-products\"}]},{\"@type\":\"WebSite\",\"@id\":\"https:\/\/darnioserdves.lt\/#website\",\"url\":\"https:\/\/darnioserdves.lt\/\",\"name\":\"Darnios erdves\",\"description\":\"M\u016bs\u0173 kra\u0161tovaizd\u017eio formavimo komanda kuria unikalias erdves a\u017eeldinimo projektams, atsi\u017evelgdama \u012f aplinkos ypatumus, pastatus ir gyventojus.\",\"publisher\":{\"@id\":\"https:\/\/darnioserdves.lt\/#organization\"},\"potentialAction\":[{\"@type\":\"SearchAction\",\"target\":{\"@type\":\"EntryPoint\",\"urlTemplate\":\"https:\/\/darnioserdves.lt\/?s={search_term_string}\"},\"query-input\":{\"@type\":\"PropertyValueSpecification\",\"valueRequired\":true,\"valueName\":\"search_term_string\"}}],\"inLanguage\":\"lt-LT\"},{\"@type\":\"Organization\",\"@id\":\"https:\/\/darnioserdves.lt\/#organization\",\"name\":\"Darnios erdves\",\"url\":\"https:\/\/darnioserdves.lt\/\",\"logo\":{\"@type\":\"ImageObject\",\"inLanguage\":\"lt-LT\",\"@id\":\"https:\/\/darnioserdves.lt\/#\/schema\/logo\/image\/\",\"url\":\"https:\/\/darnioserdves.lt\/wp-content\/uploads\/2026\/01\/darnios-erdves-web-nuotraukos-polaroid-YbNDpo3XrLf5yvL3.avif\",\"contentUrl\":\"https:\/\/darnioserdves.lt\/wp-content\/uploads\/2026\/01\/darnios-erdves-web-nuotraukos-polaroid-YbNDpo3XrLf5yvL3.avif\",\"width\":375,\"height\":416,\"caption\":\"Darnios erdves\"},\"image\":{\"@id\":\"https:\/\/darnioserdves.lt\/#\/schema\/logo\/image\/\"},\"sameAs\":[\"https:\/\/www.facebook.com\/darnioserdves\"]}]}<\/script>\n<!-- \/ Yoast SEO plugin. -->","yoast_head_json":{"title":"Parduotuv\u0117 - Darnios erdv\u0117s","robots":{"index":"index","follow":"follow","max-snippet":"max-snippet:-1","max-image-preview":"max-image-preview:large","max-video-preview":"max-video-preview:-1"},"canonical":"https:\/\/darnioserdves.lt\/lt\/e-products\/","og_locale":"lt_LT","og_type":"article","og_title":"E-products - Darnios erdv\u0117s","og_url":"https:\/\/darnioserdves.lt\/lt\/e-products\/","og_site_name":"Darnios erdv\u0117s","article_publisher":"https:\/\/www.facebook.com\/darnioserdves","article_modified_time":"2026-03-07T11:02:01+00:00","og_image":[{"width":2560,"height":1280,"url":"https:\/\/darnioserdves.lt\/wp-content\/uploads\/2026\/02\/DEP-054-copy-scaled.jpg","type":"image\/jpeg"}],"twitter_card":"summary_large_image","schema":{"@context":"https:\/\/schema.org","@graph":[{"@type":"WebPage","@id":"https:\/\/darnioserdves.lt\/e-products\/","url":"https:\/\/darnioserdves.lt\/e-products\/","name":"Parduotuv\u0117 - Darnios erdv\u0117s","isPartOf":{"@id":"https:\/\/darnioserdves.lt\/#website"},"primaryImageOfPage":{"@id":"https:\/\/darnioserdves.lt\/e-products\/#primaryimage"},"image":{"@id":"https:\/\/darnioserdves.lt\/e-products\/#primaryimage"},"thumbnailUrl":"https:\/\/darnioserdves.lt\/wp-content\/uploads\/2026\/02\/DEP-054-copy-scaled.jpg","datePublished":"2026-01-07T16:12:12+00:00","dateModified":"2026-03-07T11:02:01+00:00","breadcrumb":{"@id":"https:\/\/darnioserdves.lt\/e-products\/#breadcrumb"},"inLanguage":"lt-LT","potentialAction":[{"@type":"ReadAction","target":["https:\/\/darnioserdves.lt\/e-products\/"]}]},{"@type":"ImageObject","inLanguage":"lt-LT","@id":"https:\/\/darnioserdves.lt\/e-products\/#primaryimage","url":"https:\/\/darnioserdves.lt\/wp-content\/uploads\/2026\/02\/DEP-054-copy-scaled.jpg","contentUrl":"https:\/\/darnioserdves.lt\/wp-content\/uploads\/2026\/02\/DEP-054-copy-scaled.jpg","width":2560,"height":1280},{"@type":"BreadcrumbList","@id":"https:\/\/darnioserdves.lt\/e-products\/#breadcrumb","itemListElement":[{"@type":"ListItem","position":1,"name":"Home","item":"https:\/\/darnioserdves.lt\/"},{"@type":"ListItem","position":2,"name":"E-products"}]},{"@type":"WebSite","@id":"https:\/\/darnioserdves.lt\/#website","url":"https:\/\/darnioserdves.lt\/","name":"Darnios erdves","description":"M\u016bs\u0173 kra\u0161tovaizd\u017eio formavimo komanda kuria unikalias erdves a\u017eeldinimo projektams, atsi\u017evelgdama \u012f aplinkos ypatumus, pastatus ir gyventojus.","publisher":{"@id":"https:\/\/darnioserdves.lt\/#organization"},"potentialAction":[{"@type":"SearchAction","target":{"@type":"EntryPoint","urlTemplate":"https:\/\/darnioserdves.lt\/?s={search_term_string}"},"query-input":{"@type":"PropertyValueSpecification","valueRequired":true,"valueName":"search_term_string"}}],"inLanguage":"lt-LT"},{"@type":"Organization","@id":"https:\/\/darnioserdves.lt\/#organization","name":"Darnios erdves","url":"https:\/\/darnioserdves.lt\/","logo":{"@type":"ImageObject","inLanguage":"lt-LT","@id":"https:\/\/darnioserdves.lt\/#\/schema\/logo\/image\/","url":"https:\/\/darnioserdves.lt\/wp-content\/uploads\/2026\/01\/darnios-erdves-web-nuotraukos-polaroid-YbNDpo3XrLf5yvL3.avif","contentUrl":"https:\/\/darnioserdves.lt\/wp-content\/uploads\/2026\/01\/darnios-erdves-web-nuotraukos-polaroid-YbNDpo3XrLf5yvL3.avif","width":375,"height":416,"caption":"Darnios erdves"},"image":{"@id":"https:\/\/darnioserdves.lt\/#\/schema\/logo\/image\/"},"sameAs":["https:\/\/www.facebook.com\/darnioserdves"]}]}},"_links":{"self":[{"href":"https:\/\/darnioserdves.lt\/lt\/wp-json\/wp\/v2\/pages\/6","targetHints":{"allow":["GET"]}}],"collection":[{"href":"https:\/\/darnioserdves.lt\/lt\/wp-json\/wp\/v2\/pages"}],"about":[{"href":"https:\/\/darnioserdves.lt\/lt\/wp-json\/wp\/v2\/types\/page"}],"author":[{"embeddable":true,"href":"https:\/\/darnioserdves.lt\/lt\/wp-json\/wp\/v2\/users\/1"}],"replies":[{"embeddable":true,"href":"https:\/\/darnioserdves.lt\/lt\/wp-json\/wp\/v2\/comments?post=6"}],"version-history":[{"count":4,"href":"https:\/\/darnioserdves.lt\/lt\/wp-json\/wp\/v2\/pages\/6\/revisions"}],"predecessor-version":[{"id":3879,"href":"https:\/\/darnioserdves.lt\/lt\/wp-json\/wp\/v2\/pages\/6\/revisions\/3879"}],"wp:featuredmedia":[{"embeddable":true,"href":"https:\/\/darnioserdves.lt\/lt\/wp-json\/wp\/v2\/media\/2289"}],"wp:attachment":[{"href":"https:\/\/darnioserdves.lt\/lt\/wp-json\/wp\/v2\/media?parent=6"}],"curies":[{"name":"wp","href":"https:\/\/api.w.org\/{rel}","templated":true}]}}