{"id":3320,"date":"2026-02-24T17:32:59","date_gmt":"2026-02-24T17:32:59","guid":{"rendered":"https:\/\/darnioserdves.lt\/?post_type=product&#038;p=3320"},"modified":"2026-03-03T07:31:02","modified_gmt":"2026-03-03T07:31:02","slug":"panicum","status":"publish","type":"product","link":"https:\/\/darnioserdves.lt\/en\/product\/panicum\/","title":{"rendered":"Panicum"},"content":{"rendered":"<p><span style=\"font-weight: 400;\">What will be in your yard?<\/span><\/p>\n<p><span style=\"font-weight: 400;\">The PANICUM layout focuses on calmness and clearly defined zones:<\/span><\/p>\n<ul>\n<li><span style=\"font-weight: 400;\"> A terrace for relaxation;<\/span><\/li>\n<li><span style=\"font-weight: 400;\"> A perforated screen wall and hedge for privacy;<\/span><\/li>\n<li><span style=\"font-weight: 400;\"> A compact grill area;<\/span><\/li>\n<li><span style=\"font-weight: 400;\"> A storage unit integrated into the terrace;<\/span><\/li>\n<li><span style=\"font-weight: 400;\"> A lawn;<\/span><\/li>\n<li><span style=\"font-weight: 400;\"> Plantings that create warmth and coziness.<\/span><\/li>\n<\/ul>\n<p><i><span style=\"font-weight: 400;\">The project includes low-maintenance, easy-care plants. The composition is dominated by conifers and sedge-like ornamental grasses, complemented by gently swaying miscanthus \u2013 rich green tones and a clear structure create an atmosphere of forest calm, purity, and subtle lightness.<\/span><\/i><\/p>\n<p><span style=\"font-weight: 400;\">Project Components<\/span><\/p>\n<p><span style=\"font-weight: 400;\">Documentation and Explanations<\/span><\/p>\n<ul>\n<li><span style=\"font-weight: 400;\"> Instruction &amp; Recommendations \u2013 general project implementation guidelines and recommendations for contractors and specialists.<\/span><\/li>\n<li><span style=\"font-weight: 400;\"> Explanatory Report \u2013 guidance on the project implementation process, detailing key installation works and descriptions of the materials used.<\/span><\/li>\n<li><span style=\"font-weight: 400;\"> Plant Descriptions \u2013 a comprehensive overview of all plants used in the project with care recommendations.<\/span><\/li>\n<li><span style=\"font-weight: 400;\"> Element Descriptions \u2013 detailed explanations of small architectural elements and other features to support installation.<\/span><\/li>\n<li><span style=\"font-weight: 400;\"> Installation Guide \u2013 step-by-step process: from site preparation to planting.<\/span><\/li>\n<li><span style=\"font-weight: 400;\"> Appendices \u2013 prepared document templates for neighbour approvals regarding boundary distances or coordination of other design solutions.<\/span><\/li>\n<\/ul>\n<p><span style=\"font-weight: 400;\">Plans<\/span><\/p>\n<ul>\n<li><span style=\"font-weight: 400;\"> Master Plan \u2013 full site plan with zoning, surfaces, and main dimensions.<\/span><\/li>\n<li><span style=\"font-weight: 400;\"> Planting Plan \u2013 layout of plants within the plot.<\/span><\/li>\n<li><span style=\"font-weight: 400;\"> Plant and Surface Quantity Schedule \u2013 detailed plant quantities and estimated surface material quantities required for implementation.<\/span><\/li>\n<li><span style=\"font-weight: 400;\"> Lighting Plan \u2013 locations and types of planned light fixtures and sockets.<\/span><\/li>\n<li><span style=\"font-weight: 400;\"> Irrigation Plan \u2013 layout of irrigation zones and preliminary coverage areas.<\/span><\/li>\n<\/ul>\n<p><span style=\"font-weight: 400;\">This project is developed based on many years of landscape design experience and real implemented projects.<\/span><\/p>\n<p><span style=\"font-weight: 400;\">It is a structured, professional project that allows a small courtyard to be transformed into a clearly planned, value-creating outdoor space.<\/span><\/p>\n","protected":false},"excerpt":{"rendered":"<p><span style=\"font-weight: 400;\">An Aesthetic and Private Garden for a Small Courtyard<\/span><\/p>\n<p><span style=\"font-weight: 400;\">PANICUM is a professionally developed landscape project for a small, deep courtyard (11\u201315 m in length, 7\u201310 m in width), where priority is given to aesthetics and comfort.<\/span><\/p>\n<p><span style=\"font-weight: 400;\">This is a real, implementation-ready project \u2013 complete with clear plans, quantities, and a prepared step-by-step installation guide.<\/span><\/p>\n<p><span style=\"font-weight: 400;\">Who is this project for?<\/span><\/p>\n<ul>\n<li><span style=\"font-weight: 400;\"> Owners of townhouses or small plots seeking privacy in an urban environment;<\/span><\/li>\n<li><span style=\"font-weight: 400;\"> Those looking for a professional solution without an individual design process;<\/span><\/li>\n<li><span style=\"font-weight: 400;\"> Homeowners planning to install it themselves or delegate the work to a contractor.<\/span><\/li>\n<\/ul>\n","protected":false},"featured_media":3323,"comment_status":"open","ping_status":"closed","template":"","meta":{"_acf_changed":false,"_gspb_post_css":""},"product_brand":[],"product_cat":[221],"product_tag":[],"class_list":{"0":"post-3320","1":"product","2":"type-product","3":"status-publish","4":"has-post-thumbnail","6":"product_cat-deep","7":"pa_palette-green","9":"first","10":"instock","11":"taxable","12":"shipping-taxable","13":"purchasable","14":"product-type-simple"},"ct_brands":[],"acf":[],"yoast_head":"<!-- This site is optimized with the Yoast SEO plugin v27.2 - https:\/\/yoast.com\/product\/yoast-seo-wordpress\/ -->\n<title>Standard Landscape Projects Store | Darnios Erdv\u0117s<\/title>\n<meta name=\"description\" content=\"Shop ready-made landscape projects for small gardens. Get professional plans, planting lists, and clear implementation guidance from Darnios Erdv\u0117s.\" \/>\n<meta name=\"robots\" content=\"index, follow, max-snippet:-1, max-image-preview:large, max-video-preview:-1\" \/>\n<link rel=\"canonical\" href=\"https:\/\/darnioserdves.lt\/en\/product\/panicum\/\" \/>\n<meta property=\"og:locale\" content=\"en_GB\" \/>\n<meta property=\"og:type\" content=\"article\" \/>\n<meta property=\"og:title\" content=\"Standard Landscape Projects Store | Darnios Erdv\u0117s\" \/>\n<meta property=\"og:description\" content=\"Shop ready-made landscape projects for small gardens. Get professional plans, planting lists, and clear implementation guidance from Darnios Erdv\u0117s.\" \/>\n<meta property=\"og:url\" content=\"https:\/\/darnioserdves.lt\/en\/product\/panicum\/\" \/>\n<meta property=\"og:site_name\" content=\"Darnios erdv\u0117s\" \/>\n<meta property=\"article:publisher\" content=\"https:\/\/www.facebook.com\/darnioserdves\" \/>\n<meta property=\"article:modified_time\" content=\"2026-03-03T07:31:02+00:00\" \/>\n<meta property=\"og:image\" content=\"https:\/\/darnioserdves.lt\/wp-content\/uploads\/2026\/02\/42_DEPA_Panicum_03.jpg\" \/>\n\t<meta property=\"og:image:width\" content=\"2560\" \/>\n\t<meta property=\"og:image:height\" content=\"1440\" \/>\n\t<meta property=\"og:image:type\" content=\"image\/jpeg\" \/>\n<meta name=\"twitter:card\" content=\"summary_large_image\" \/>\n<meta name=\"twitter:label1\" content=\"Estimated reading time\" \/>\n\t<meta name=\"twitter:data1\" content=\"2 minutes\" \/>\n<script type=\"application\/ld+json\" class=\"yoast-schema-graph\">{\"@context\":\"https:\/\/schema.org\",\"@graph\":[{\"@type\":\"WebPage\",\"@id\":\"https:\/\/darnioserdves.lt\/product\/panicum\/\",\"url\":\"https:\/\/darnioserdves.lt\/product\/panicum\/\",\"name\":\"Standard Landscape Projects Store | Darnios Erdv\u0117s\",\"isPartOf\":{\"@id\":\"https:\/\/darnioserdves.lt\/#website\"},\"primaryImageOfPage\":{\"@id\":\"https:\/\/darnioserdves.lt\/product\/panicum\/#primaryimage\"},\"image\":{\"@id\":\"https:\/\/darnioserdves.lt\/product\/panicum\/#primaryimage\"},\"thumbnailUrl\":\"https:\/\/darnioserdves.lt\/wp-content\/uploads\/2026\/02\/42_DEPA_Panicum_03.jpg\",\"datePublished\":\"2026-02-24T17:32:59+00:00\",\"dateModified\":\"2026-03-03T07:31:02+00:00\",\"description\":\"Shop ready-made landscape projects for small gardens. Get professional plans, planting lists, and clear implementation guidance from Darnios Erdv\u0117s.\",\"breadcrumb\":{\"@id\":\"https:\/\/darnioserdves.lt\/product\/panicum\/#breadcrumb\"},\"inLanguage\":\"en-GB\",\"potentialAction\":[{\"@type\":\"ReadAction\",\"target\":[\"https:\/\/darnioserdves.lt\/product\/panicum\/\"]}]},{\"@type\":\"ImageObject\",\"inLanguage\":\"en-GB\",\"@id\":\"https:\/\/darnioserdves.lt\/product\/panicum\/#primaryimage\",\"url\":\"https:\/\/darnioserdves.lt\/wp-content\/uploads\/2026\/02\/42_DEPA_Panicum_03.jpg\",\"contentUrl\":\"https:\/\/darnioserdves.lt\/wp-content\/uploads\/2026\/02\/42_DEPA_Panicum_03.jpg\",\"width\":2560,\"height\":1440},{\"@type\":\"BreadcrumbList\",\"@id\":\"https:\/\/darnioserdves.lt\/product\/panicum\/#breadcrumb\",\"itemListElement\":[{\"@type\":\"ListItem\",\"position\":1,\"name\":\"Home\",\"item\":\"https:\/\/darnioserdves.lt\/\"},{\"@type\":\"ListItem\",\"position\":2,\"name\":\"E-products\",\"item\":\"https:\/\/darnioserdves.lt\/e-products\/\"},{\"@type\":\"ListItem\",\"position\":3,\"name\":\"Panicum\"}]},{\"@type\":\"WebSite\",\"@id\":\"https:\/\/darnioserdves.lt\/#website\",\"url\":\"https:\/\/darnioserdves.lt\/\",\"name\":\"Darnios erdves\",\"description\":\"M\u016bs\u0173 kra\u0161tovaizd\u017eio formavimo komanda kuria unikalias erdves a\u017eeldinimo projektams, atsi\u017evelgdama \u012f aplinkos ypatumus, pastatus ir gyventojus.\",\"publisher\":{\"@id\":\"https:\/\/darnioserdves.lt\/#organization\"},\"potentialAction\":[{\"@type\":\"SearchAction\",\"target\":{\"@type\":\"EntryPoint\",\"urlTemplate\":\"https:\/\/darnioserdves.lt\/?s={search_term_string}\"},\"query-input\":{\"@type\":\"PropertyValueSpecification\",\"valueRequired\":true,\"valueName\":\"search_term_string\"}}],\"inLanguage\":\"en-GB\"},{\"@type\":\"Organization\",\"@id\":\"https:\/\/darnioserdves.lt\/#organization\",\"name\":\"Darnios erdves\",\"url\":\"https:\/\/darnioserdves.lt\/\",\"logo\":{\"@type\":\"ImageObject\",\"inLanguage\":\"en-GB\",\"@id\":\"https:\/\/darnioserdves.lt\/#\/schema\/logo\/image\/\",\"url\":\"https:\/\/darnioserdves.lt\/wp-content\/uploads\/2026\/01\/darnios-erdves-web-nuotraukos-polaroid-YbNDpo3XrLf5yvL3.avif\",\"contentUrl\":\"https:\/\/darnioserdves.lt\/wp-content\/uploads\/2026\/01\/darnios-erdves-web-nuotraukos-polaroid-YbNDpo3XrLf5yvL3.avif\",\"width\":375,\"height\":416,\"caption\":\"Darnios erdves\"},\"image\":{\"@id\":\"https:\/\/darnioserdves.lt\/#\/schema\/logo\/image\/\"},\"sameAs\":[\"https:\/\/www.facebook.com\/darnioserdves\"]}]}<\/script>\n<!-- \/ Yoast SEO plugin. -->","yoast_head_json":{"title":"Standard Landscape Projects Store | Darnios Erdv\u0117s","description":"Shop ready-made landscape projects for small gardens. Get professional plans, planting lists, and clear implementation guidance from Darnios Erdv\u0117s.","robots":{"index":"index","follow":"follow","max-snippet":"max-snippet:-1","max-image-preview":"max-image-preview:large","max-video-preview":"max-video-preview:-1"},"canonical":"https:\/\/darnioserdves.lt\/en\/product\/panicum\/","og_locale":"en_GB","og_type":"article","og_title":"Standard Landscape Projects Store | Darnios Erdv\u0117s","og_description":"Shop ready-made landscape projects for small gardens. Get professional plans, planting lists, and clear implementation guidance from Darnios Erdv\u0117s.","og_url":"https:\/\/darnioserdves.lt\/en\/product\/panicum\/","og_site_name":"Darnios erdv\u0117s","article_publisher":"https:\/\/www.facebook.com\/darnioserdves","article_modified_time":"2026-03-03T07:31:02+00:00","og_image":[{"width":2560,"height":1440,"url":"https:\/\/darnioserdves.lt\/wp-content\/uploads\/2026\/02\/42_DEPA_Panicum_03.jpg","type":"image\/jpeg"}],"twitter_card":"summary_large_image","twitter_misc":{"Estimated reading time":"2 minutes"},"schema":{"@context":"https:\/\/schema.org","@graph":[{"@type":"WebPage","@id":"https:\/\/darnioserdves.lt\/product\/panicum\/","url":"https:\/\/darnioserdves.lt\/product\/panicum\/","name":"Standard Landscape Projects Store | Darnios Erdv\u0117s","isPartOf":{"@id":"https:\/\/darnioserdves.lt\/#website"},"primaryImageOfPage":{"@id":"https:\/\/darnioserdves.lt\/product\/panicum\/#primaryimage"},"image":{"@id":"https:\/\/darnioserdves.lt\/product\/panicum\/#primaryimage"},"thumbnailUrl":"https:\/\/darnioserdves.lt\/wp-content\/uploads\/2026\/02\/42_DEPA_Panicum_03.jpg","datePublished":"2026-02-24T17:32:59+00:00","dateModified":"2026-03-03T07:31:02+00:00","description":"Shop ready-made landscape projects for small gardens. Get professional plans, planting lists, and clear implementation guidance from Darnios Erdv\u0117s.","breadcrumb":{"@id":"https:\/\/darnioserdves.lt\/product\/panicum\/#breadcrumb"},"inLanguage":"en-GB","potentialAction":[{"@type":"ReadAction","target":["https:\/\/darnioserdves.lt\/product\/panicum\/"]}]},{"@type":"ImageObject","inLanguage":"en-GB","@id":"https:\/\/darnioserdves.lt\/product\/panicum\/#primaryimage","url":"https:\/\/darnioserdves.lt\/wp-content\/uploads\/2026\/02\/42_DEPA_Panicum_03.jpg","contentUrl":"https:\/\/darnioserdves.lt\/wp-content\/uploads\/2026\/02\/42_DEPA_Panicum_03.jpg","width":2560,"height":1440},{"@type":"BreadcrumbList","@id":"https:\/\/darnioserdves.lt\/product\/panicum\/#breadcrumb","itemListElement":[{"@type":"ListItem","position":1,"name":"Home","item":"https:\/\/darnioserdves.lt\/"},{"@type":"ListItem","position":2,"name":"E-products","item":"https:\/\/darnioserdves.lt\/e-products\/"},{"@type":"ListItem","position":3,"name":"Panicum"}]},{"@type":"WebSite","@id":"https:\/\/darnioserdves.lt\/#website","url":"https:\/\/darnioserdves.lt\/","name":"Darnios erdves","description":"M\u016bs\u0173 kra\u0161tovaizd\u017eio formavimo komanda kuria unikalias erdves a\u017eeldinimo projektams, atsi\u017evelgdama \u012f aplinkos ypatumus, pastatus ir gyventojus.","publisher":{"@id":"https:\/\/darnioserdves.lt\/#organization"},"potentialAction":[{"@type":"SearchAction","target":{"@type":"EntryPoint","urlTemplate":"https:\/\/darnioserdves.lt\/?s={search_term_string}"},"query-input":{"@type":"PropertyValueSpecification","valueRequired":true,"valueName":"search_term_string"}}],"inLanguage":"en-GB"},{"@type":"Organization","@id":"https:\/\/darnioserdves.lt\/#organization","name":"Darnios erdves","url":"https:\/\/darnioserdves.lt\/","logo":{"@type":"ImageObject","inLanguage":"en-GB","@id":"https:\/\/darnioserdves.lt\/#\/schema\/logo\/image\/","url":"https:\/\/darnioserdves.lt\/wp-content\/uploads\/2026\/01\/darnios-erdves-web-nuotraukos-polaroid-YbNDpo3XrLf5yvL3.avif","contentUrl":"https:\/\/darnioserdves.lt\/wp-content\/uploads\/2026\/01\/darnios-erdves-web-nuotraukos-polaroid-YbNDpo3XrLf5yvL3.avif","width":375,"height":416,"caption":"Darnios erdves"},"image":{"@id":"https:\/\/darnioserdves.lt\/#\/schema\/logo\/image\/"},"sameAs":["https:\/\/www.facebook.com\/darnioserdves"]}]}},"_links":{"self":[{"href":"https:\/\/darnioserdves.lt\/en\/wp-json\/wp\/v2\/product\/3320","targetHints":{"allow":["GET"]}}],"collection":[{"href":"https:\/\/darnioserdves.lt\/en\/wp-json\/wp\/v2\/product"}],"about":[{"href":"https:\/\/darnioserdves.lt\/en\/wp-json\/wp\/v2\/types\/product"}],"replies":[{"embeddable":true,"href":"https:\/\/darnioserdves.lt\/en\/wp-json\/wp\/v2\/comments?post=3320"}],"wp:featuredmedia":[{"embeddable":true,"href":"https:\/\/darnioserdves.lt\/en\/wp-json\/wp\/v2\/media\/3323"}],"wp:attachment":[{"href":"https:\/\/darnioserdves.lt\/en\/wp-json\/wp\/v2\/media?parent=3320"}],"wp:term":[{"taxonomy":"product_brand","embeddable":true,"href":"https:\/\/darnioserdves.lt\/en\/wp-json\/wp\/v2\/product_brand?post=3320"},{"taxonomy":"product_cat","embeddable":true,"href":"https:\/\/darnioserdves.lt\/en\/wp-json\/wp\/v2\/product_cat?post=3320"},{"taxonomy":"product_tag","embeddable":true,"href":"https:\/\/darnioserdves.lt\/en\/wp-json\/wp\/v2\/product_tag?post=3320"}],"curies":[{"name":"wp","href":"https:\/\/api.w.org\/{rel}","templated":true}]}}