{"id":7,"date":"2026-01-07T16:12:12","date_gmt":"2026-01-07T16:12:12","guid":{"rendered":"https:\/\/darnioserdves.lt\/index.php\/cart\/"},"modified":"2026-02-24T10:16:18","modified_gmt":"2026-02-24T10:16:18","slug":"cart","status":"publish","type":"page","link":"https:\/\/darnioserdves.lt\/en\/cart\/","title":{"rendered":"Cart"},"content":{"rendered":"\n<div data-block-name=\"woocommerce\/cart\" class=\"wp-block-woocommerce-cart alignwide is-loading\">\n<div data-block-name=\"woocommerce\/filled-cart-block\" class=\"wp-block-woocommerce-filled-cart-block\">\n<div data-block-name=\"woocommerce\/cart-items-block\" class=\"wp-block-woocommerce-cart-items-block\">\n<div data-block-name=\"woocommerce\/cart-line-items-block\" class=\"wp-block-woocommerce-cart-line-items-block\"><\/div>\n\n\n<\/div>\n\n\n\n<div data-block-name=\"woocommerce\/cart-totals-block\" class=\"wp-block-woocommerce-cart-totals-block\">\n<div data-block-name=\"woocommerce\/cart-order-summary-block\" class=\"wp-block-woocommerce-cart-order-summary-block\">\n<div data-block-name=\"woocommerce\/cart-order-summary-heading-block\" data-content=\"Basket totals\" class=\"wp-block-woocommerce-cart-order-summary-heading-block\"><\/div>\n\n\n\n<div data-block-name=\"woocommerce\/cart-order-summary-coupon-form-block\" class=\"wp-block-woocommerce-cart-order-summary-coupon-form-block\"><\/div>\n\n\n\n<div data-block-name=\"woocommerce\/cart-order-summary-totals-block\" class=\"wp-block-woocommerce-cart-order-summary-totals-block\">\n<div data-block-name=\"woocommerce\/cart-order-summary-subtotal-block\" class=\"wp-block-woocommerce-cart-order-summary-subtotal-block\"><\/div>\n\n\n\n<div data-block-name=\"woocommerce\/cart-order-summary-fee-block\" class=\"wp-block-woocommerce-cart-order-summary-fee-block\"><\/div>\n\n\n\n<div data-block-name=\"woocommerce\/cart-order-summary-discount-block\" class=\"wp-block-woocommerce-cart-order-summary-discount-block\"><\/div>\n\n\n\n<div data-block-name=\"woocommerce\/cart-order-summary-shipping-block\" class=\"wp-block-woocommerce-cart-order-summary-shipping-block\"><\/div>\n\n\n\n<div data-block-name=\"woocommerce\/cart-order-summary-taxes-block\" class=\"wp-block-woocommerce-cart-order-summary-taxes-block\"><\/div>\n<\/div>\n<\/div>\n\n\n\n<div data-block-name=\"woocommerce\/cart-express-payment-block\" class=\"wp-block-woocommerce-cart-express-payment-block\"><\/div>\n\n\n\n<div data-block-name=\"woocommerce\/proceed-to-checkout-block\" class=\"wp-block-woocommerce-proceed-to-checkout-block\"><\/div>\n\n\n\n<div data-block-name=\"woocommerce\/cart-accepted-payment-methods-block\" class=\"wp-block-woocommerce-cart-accepted-payment-methods-block\"><\/div>\n<\/div>\n<\/div>\n\n\n\n<div data-block-name=\"woocommerce\/empty-cart-block\" class=\"wp-block-woocommerce-empty-cart-block\">\n<h2 class=\"wp-block-heading has-text-align-center with-empty-cart-icon wc-block-cart__empty-cart__title\" id=\"your-cart-is-currently-empty\">Your cart is currently empty!<\/h2>\n\n\n\n<hr class=\"wp-block-separator has-alpha-channel-opacity is-style-dots\"\/>\n\n\n\n<h2 class=\"wp-block-heading has-text-align-center\" id=\"new-in-store\">New in store<\/h2>\n\n\n<div data-block-name=\"woocommerce\/product-new\" data-columns=\"4\" data-rows=\"1\" class=\"wc-block-grid wp-block-product-new wp-block-woocommerce-product-new wc-block-product-new has-4-columns\"><ul class=\"wc-block-grid__products\"><li class=\"wc-block-grid__product\">\n\t\t\t\t<a href=\"https:\/\/darnioserdves.lt\/en\/product\/panicum\/\" class=\"wc-block-grid__product-link\">\n\t\t\t\t\t\n\t\t\t\t\t<div class=\"wc-block-grid__product-image\"><img loading=\"lazy\" decoding=\"async\" width=\"300\" height=\"300\" src=\"https:\/\/darnioserdves.lt\/wp-content\/uploads\/2026\/02\/42_DEPA_Panicum_03-300x300.jpg\" class=\"attachment-woocommerce_thumbnail size-woocommerce_thumbnail\" alt=\"Panicum\" srcset=\"https:\/\/darnioserdves.lt\/wp-content\/uploads\/2026\/02\/42_DEPA_Panicum_03-300x300.jpg 300w, https:\/\/darnioserdves.lt\/wp-content\/uploads\/2026\/02\/42_DEPA_Panicum_03-1000x1000.jpg 1000w, https:\/\/darnioserdves.lt\/wp-content\/uploads\/2026\/02\/42_DEPA_Panicum_03-150x150.jpg 150w\" sizes=\"auto, (max-width: 300px) 100vw, 300px\" \/><\/div>\n\t\t\t\t\t<div class=\"wc-block-grid__product-title\">Panicum<\/div>\n\t\t\t\t<\/a>\n\t\t\t\t<div class=\"wc-block-grid__product-price price\"><span class=\"woocommerce-Price-amount amount\"><span class=\"woocommerce-Price-currencySymbol\">&euro;<\/span>299.00<\/span><\/div>\n\t\t\t\t\n\t\t\t\t<div class=\"wp-block-button wc-block-grid__product-add-to-cart\"><a href=\"\/en\/wp-json\/wp\/v2\/pages\/7?add-to-cart=3320\" aria-label=\"Add to basket: &ldquo;Panicum&rdquo;\" data-quantity=\"1\" data-product_id=\"3320\" data-product_sku=\"42_DEPA_Panicum\" data-price=\"299\" rel=\"nofollow\" class=\"wp-block-button__link  add_to_cart_button ajax_add_to_cart\">Add to basket<\/a><\/div>\n\t\t\t<\/li><li class=\"wc-block-grid__product\">\n\t\t\t\t<a href=\"https:\/\/darnioserdves.lt\/en\/product\/skimmia\/\" class=\"wc-block-grid__product-link\">\n\t\t\t\t\t\n\t\t\t\t\t<div class=\"wc-block-grid__product-image\"><img loading=\"lazy\" decoding=\"async\" width=\"300\" height=\"300\" src=\"https:\/\/darnioserdves.lt\/wp-content\/uploads\/2026\/02\/14_DESK_Skimmia_03-300x300.jpg\" class=\"attachment-woocommerce_thumbnail size-woocommerce_thumbnail\" alt=\"Skimmia\" srcset=\"https:\/\/darnioserdves.lt\/wp-content\/uploads\/2026\/02\/14_DESK_Skimmia_03-300x300.jpg 300w, https:\/\/darnioserdves.lt\/wp-content\/uploads\/2026\/02\/14_DESK_Skimmia_03-1000x1000.jpg 1000w, https:\/\/darnioserdves.lt\/wp-content\/uploads\/2026\/02\/14_DESK_Skimmia_03-150x150.jpg 150w\" sizes=\"auto, (max-width: 300px) 100vw, 300px\" \/><\/div>\n\t\t\t\t\t<div class=\"wc-block-grid__product-title\">Skimmia<\/div>\n\t\t\t\t<\/a>\n\t\t\t\t<div class=\"wc-block-grid__product-price price\"><span class=\"woocommerce-Price-amount amount\"><span class=\"woocommerce-Price-currencySymbol\">&euro;<\/span>499.00<\/span><\/div>\n\t\t\t\t\n\t\t\t\t<div class=\"wp-block-button wc-block-grid__product-add-to-cart\"><a href=\"\/en\/wp-json\/wp\/v2\/pages\/7?add-to-cart=3315\" aria-label=\"Add to basket: &ldquo;Skimmia&rdquo;\" data-quantity=\"1\" data-product_id=\"3315\" data-product_sku=\"14_DESK_Skimmia\" data-price=\"499\" rel=\"nofollow\" class=\"wp-block-button__link  add_to_cart_button ajax_add_to_cart\">Add to basket<\/a><\/div>\n\t\t\t<\/li><li class=\"wc-block-grid__product\">\n\t\t\t\t<a href=\"https:\/\/darnioserdves.lt\/en\/product\/taxus\/\" class=\"wc-block-grid__product-link\">\n\t\t\t\t\t\n\t\t\t\t\t<div class=\"wc-block-grid__product-image\"><img loading=\"lazy\" decoding=\"async\" width=\"300\" height=\"300\" src=\"https:\/\/darnioserdves.lt\/wp-content\/uploads\/2026\/02\/41_DETA_Taxus_03-300x300.jpg\" class=\"attachment-woocommerce_thumbnail size-woocommerce_thumbnail\" alt=\"Taxus\" srcset=\"https:\/\/darnioserdves.lt\/wp-content\/uploads\/2026\/02\/41_DETA_Taxus_03-300x300.jpg 300w, https:\/\/darnioserdves.lt\/wp-content\/uploads\/2026\/02\/41_DETA_Taxus_03-1000x1000.jpg 1000w, https:\/\/darnioserdves.lt\/wp-content\/uploads\/2026\/02\/41_DETA_Taxus_03-150x150.jpg 150w\" sizes=\"auto, (max-width: 300px) 100vw, 300px\" \/><\/div>\n\t\t\t\t\t<div class=\"wc-block-grid__product-title\">Taxus<\/div>\n\t\t\t\t<\/a>\n\t\t\t\t<div class=\"wc-block-grid__product-price price\"><span class=\"woocommerce-Price-amount amount\"><span class=\"woocommerce-Price-currencySymbol\">&euro;<\/span>399.00<\/span><\/div>\n\t\t\t\t\n\t\t\t\t<div class=\"wp-block-button wc-block-grid__product-add-to-cart\"><a href=\"\/en\/wp-json\/wp\/v2\/pages\/7?add-to-cart=3310\" aria-label=\"Add to basket: &ldquo;Taxus&rdquo;\" data-quantity=\"1\" data-product_id=\"3310\" data-product_sku=\"41_DETA_Taxus\" data-price=\"399\" rel=\"nofollow\" class=\"wp-block-button__link  add_to_cart_button ajax_add_to_cart\">Add to basket<\/a><\/div>\n\t\t\t<\/li><li class=\"wc-block-grid__product\">\n\t\t\t\t<a href=\"https:\/\/darnioserdves.lt\/en\/product\/gentiana\/\" class=\"wc-block-grid__product-link\">\n\t\t\t\t\t\n\t\t\t\t\t<div class=\"wc-block-grid__product-image\"><img loading=\"lazy\" decoding=\"async\" width=\"300\" height=\"300\" src=\"https:\/\/darnioserdves.lt\/wp-content\/uploads\/2026\/02\/40_DEGE_Gentiana_02-300x300.jpg\" class=\"attachment-woocommerce_thumbnail size-woocommerce_thumbnail\" alt=\"Gentiana\" srcset=\"https:\/\/darnioserdves.lt\/wp-content\/uploads\/2026\/02\/40_DEGE_Gentiana_02-300x300.jpg 300w, https:\/\/darnioserdves.lt\/wp-content\/uploads\/2026\/02\/40_DEGE_Gentiana_02-1000x1000.jpg 1000w, https:\/\/darnioserdves.lt\/wp-content\/uploads\/2026\/02\/40_DEGE_Gentiana_02-150x150.jpg 150w\" sizes=\"auto, (max-width: 300px) 100vw, 300px\" \/><\/div>\n\t\t\t\t\t<div class=\"wc-block-grid__product-title\">Gentiana<\/div>\n\t\t\t\t<\/a>\n\t\t\t\t<div class=\"wc-block-grid__product-price price\"><span class=\"woocommerce-Price-amount amount\"><span class=\"woocommerce-Price-currencySymbol\">&euro;<\/span>399.00<\/span><\/div>\n\t\t\t\t\n\t\t\t\t<div class=\"wp-block-button wc-block-grid__product-add-to-cart\"><a href=\"\/en\/wp-json\/wp\/v2\/pages\/7?add-to-cart=3304\" aria-label=\"Add to basket: &ldquo;Gentiana&rdquo;\" data-quantity=\"1\" data-product_id=\"3304\" data-product_sku=\"40_DEGE_Gentiana\" data-price=\"399\" rel=\"nofollow\" class=\"wp-block-button__link  add_to_cart_button ajax_add_to_cart\">Add to basket<\/a><\/div>\n\t\t\t<\/li><\/ul><\/div><\/div>\n<\/div>\n","protected":false},"excerpt":{"rendered":"","protected":false},"author":1,"featured_media":0,"parent":0,"menu_order":0,"comment_status":"closed","ping_status":"closed","template":"","meta":{"_acf_changed":false,"_gspb_post_css":"","footnotes":""},"class_list":["post-7","page","type-page","status-publish","hentry"],"blocksy_meta":[],"acf":[],"yoast_head":"<!-- This site is optimized with the Yoast SEO plugin v27.2 - https:\/\/yoast.com\/product\/yoast-seo-wordpress\/ -->\n<title>Cart - Darnios erdv\u0117s<\/title>\n<meta name=\"robots\" content=\"index, follow, max-snippet:-1, max-image-preview:large, max-video-preview:-1\" \/>\n<link rel=\"canonical\" href=\"https:\/\/darnioserdves.lt\/en\/cart\/\" \/>\n<meta property=\"og:locale\" content=\"en_GB\" \/>\n<meta property=\"og:type\" content=\"article\" \/>\n<meta property=\"og:title\" content=\"Cart - Darnios erdv\u0117s\" \/>\n<meta property=\"og:url\" content=\"https:\/\/darnioserdves.lt\/en\/cart\/\" \/>\n<meta property=\"og:site_name\" content=\"Darnios erdv\u0117s\" \/>\n<meta property=\"article:publisher\" content=\"https:\/\/www.facebook.com\/darnioserdves\" \/>\n<meta property=\"article:modified_time\" content=\"2026-02-24T10:16:18+00:00\" \/>\n<meta property=\"og:image\" content=\"https:\/\/darnioserdves.lt\/wp-content\/uploads\/2026\/02\/IKONADarnios-Erdves-logo-RGB-pozityvas-1.png\" \/>\n\t<meta property=\"og:image:width\" content=\"757\" \/>\n\t<meta property=\"og:image:height\" content=\"764\" \/>\n\t<meta property=\"og:image:type\" content=\"image\/png\" \/>\n<meta name=\"twitter:card\" content=\"summary_large_image\" \/>\n<script type=\"application\/ld+json\" class=\"yoast-schema-graph\">{\"@context\":\"https:\/\/schema.org\",\"@graph\":[{\"@type\":\"WebPage\",\"@id\":\"https:\/\/darnioserdves.lt\/cart\/\",\"url\":\"https:\/\/darnioserdves.lt\/cart\/\",\"name\":\"Cart - Darnios erdv\u0117s\",\"isPartOf\":{\"@id\":\"https:\/\/darnioserdves.lt\/#website\"},\"datePublished\":\"2026-01-07T16:12:12+00:00\",\"dateModified\":\"2026-02-24T10:16:18+00:00\",\"breadcrumb\":{\"@id\":\"https:\/\/darnioserdves.lt\/cart\/#breadcrumb\"},\"inLanguage\":\"en-GB\",\"potentialAction\":[{\"@type\":\"ReadAction\",\"target\":[\"https:\/\/darnioserdves.lt\/cart\/\"]}]},{\"@type\":\"BreadcrumbList\",\"@id\":\"https:\/\/darnioserdves.lt\/cart\/#breadcrumb\",\"itemListElement\":[{\"@type\":\"ListItem\",\"position\":1,\"name\":\"Home\",\"item\":\"https:\/\/darnioserdves.lt\/\"},{\"@type\":\"ListItem\",\"position\":2,\"name\":\"Cart\"}]},{\"@type\":\"WebSite\",\"@id\":\"https:\/\/darnioserdves.lt\/#website\",\"url\":\"https:\/\/darnioserdves.lt\/\",\"name\":\"Darnios erdves\",\"description\":\"M\u016bs\u0173 kra\u0161tovaizd\u017eio formavimo komanda kuria unikalias erdves a\u017eeldinimo projektams, atsi\u017evelgdama \u012f aplinkos ypatumus, pastatus ir gyventojus.\",\"publisher\":{\"@id\":\"https:\/\/darnioserdves.lt\/#organization\"},\"potentialAction\":[{\"@type\":\"SearchAction\",\"target\":{\"@type\":\"EntryPoint\",\"urlTemplate\":\"https:\/\/darnioserdves.lt\/?s={search_term_string}\"},\"query-input\":{\"@type\":\"PropertyValueSpecification\",\"valueRequired\":true,\"valueName\":\"search_term_string\"}}],\"inLanguage\":\"en-GB\"},{\"@type\":\"Organization\",\"@id\":\"https:\/\/darnioserdves.lt\/#organization\",\"name\":\"Darnios erdves\",\"url\":\"https:\/\/darnioserdves.lt\/\",\"logo\":{\"@type\":\"ImageObject\",\"inLanguage\":\"en-GB\",\"@id\":\"https:\/\/darnioserdves.lt\/#\/schema\/logo\/image\/\",\"url\":\"https:\/\/darnioserdves.lt\/wp-content\/uploads\/2026\/01\/darnios-erdves-web-nuotraukos-polaroid-YbNDpo3XrLf5yvL3.avif\",\"contentUrl\":\"https:\/\/darnioserdves.lt\/wp-content\/uploads\/2026\/01\/darnios-erdves-web-nuotraukos-polaroid-YbNDpo3XrLf5yvL3.avif\",\"width\":375,\"height\":416,\"caption\":\"Darnios erdves\"},\"image\":{\"@id\":\"https:\/\/darnioserdves.lt\/#\/schema\/logo\/image\/\"},\"sameAs\":[\"https:\/\/www.facebook.com\/darnioserdves\"]}]}<\/script>\n<!-- \/ Yoast SEO plugin. -->","yoast_head_json":{"title":"Cart - Darnios erdv\u0117s","robots":{"index":"index","follow":"follow","max-snippet":"max-snippet:-1","max-image-preview":"max-image-preview:large","max-video-preview":"max-video-preview:-1"},"canonical":"https:\/\/darnioserdves.lt\/en\/cart\/","og_locale":"en_GB","og_type":"article","og_title":"Cart - Darnios erdv\u0117s","og_url":"https:\/\/darnioserdves.lt\/en\/cart\/","og_site_name":"Darnios erdv\u0117s","article_publisher":"https:\/\/www.facebook.com\/darnioserdves","article_modified_time":"2026-02-24T10:16:18+00:00","og_image":[{"width":757,"height":764,"url":"https:\/\/darnioserdves.lt\/wp-content\/uploads\/2026\/02\/IKONADarnios-Erdves-logo-RGB-pozityvas-1.png","type":"image\/png"}],"twitter_card":"summary_large_image","schema":{"@context":"https:\/\/schema.org","@graph":[{"@type":"WebPage","@id":"https:\/\/darnioserdves.lt\/cart\/","url":"https:\/\/darnioserdves.lt\/cart\/","name":"Cart - Darnios erdv\u0117s","isPartOf":{"@id":"https:\/\/darnioserdves.lt\/#website"},"datePublished":"2026-01-07T16:12:12+00:00","dateModified":"2026-02-24T10:16:18+00:00","breadcrumb":{"@id":"https:\/\/darnioserdves.lt\/cart\/#breadcrumb"},"inLanguage":"en-GB","potentialAction":[{"@type":"ReadAction","target":["https:\/\/darnioserdves.lt\/cart\/"]}]},{"@type":"BreadcrumbList","@id":"https:\/\/darnioserdves.lt\/cart\/#breadcrumb","itemListElement":[{"@type":"ListItem","position":1,"name":"Home","item":"https:\/\/darnioserdves.lt\/"},{"@type":"ListItem","position":2,"name":"Cart"}]},{"@type":"WebSite","@id":"https:\/\/darnioserdves.lt\/#website","url":"https:\/\/darnioserdves.lt\/","name":"Darnios erdves","description":"M\u016bs\u0173 kra\u0161tovaizd\u017eio formavimo komanda kuria unikalias erdves a\u017eeldinimo projektams, atsi\u017evelgdama \u012f aplinkos ypatumus, pastatus ir gyventojus.","publisher":{"@id":"https:\/\/darnioserdves.lt\/#organization"},"potentialAction":[{"@type":"SearchAction","target":{"@type":"EntryPoint","urlTemplate":"https:\/\/darnioserdves.lt\/?s={search_term_string}"},"query-input":{"@type":"PropertyValueSpecification","valueRequired":true,"valueName":"search_term_string"}}],"inLanguage":"en-GB"},{"@type":"Organization","@id":"https:\/\/darnioserdves.lt\/#organization","name":"Darnios erdves","url":"https:\/\/darnioserdves.lt\/","logo":{"@type":"ImageObject","inLanguage":"en-GB","@id":"https:\/\/darnioserdves.lt\/#\/schema\/logo\/image\/","url":"https:\/\/darnioserdves.lt\/wp-content\/uploads\/2026\/01\/darnios-erdves-web-nuotraukos-polaroid-YbNDpo3XrLf5yvL3.avif","contentUrl":"https:\/\/darnioserdves.lt\/wp-content\/uploads\/2026\/01\/darnios-erdves-web-nuotraukos-polaroid-YbNDpo3XrLf5yvL3.avif","width":375,"height":416,"caption":"Darnios erdves"},"image":{"@id":"https:\/\/darnioserdves.lt\/#\/schema\/logo\/image\/"},"sameAs":["https:\/\/www.facebook.com\/darnioserdves"]}]}},"_links":{"self":[{"href":"https:\/\/darnioserdves.lt\/en\/wp-json\/wp\/v2\/pages\/7","targetHints":{"allow":["GET"]}}],"collection":[{"href":"https:\/\/darnioserdves.lt\/en\/wp-json\/wp\/v2\/pages"}],"about":[{"href":"https:\/\/darnioserdves.lt\/en\/wp-json\/wp\/v2\/types\/page"}],"author":[{"embeddable":true,"href":"https:\/\/darnioserdves.lt\/en\/wp-json\/wp\/v2\/users\/1"}],"replies":[{"embeddable":true,"href":"https:\/\/darnioserdves.lt\/en\/wp-json\/wp\/v2\/comments?post=7"}],"version-history":[{"count":3,"href":"https:\/\/darnioserdves.lt\/en\/wp-json\/wp\/v2\/pages\/7\/revisions"}],"predecessor-version":[{"id":3065,"href":"https:\/\/darnioserdves.lt\/en\/wp-json\/wp\/v2\/pages\/7\/revisions\/3065"}],"wp:attachment":[{"href":"https:\/\/darnioserdves.lt\/en\/wp-json\/wp\/v2\/media?parent=7"}],"curies":[{"name":"wp","href":"https:\/\/api.w.org\/{rel}","templated":true}]}}